{"id":3,"date":"2025-07-01T20:21:44","date_gmt":"2025-07-01T20:21:44","guid":{"rendered":"http:\/\/rabbitwriterbooks.local\/?page_id=3"},"modified":"2025-07-16T16:22:18","modified_gmt":"2025-07-16T22:22:18","slug":"privacy-policy","status":"publish","type":"page","link":"https:\/\/rabbitwriterbooks.com\/es\/privacy-policy\/","title":{"rendered":"Pol\u00edtica de Privacidad"},"content":{"rendered":"<h1 class=\"wp-block-heading\">Pol\u00edtica de Privacidad<\/h1>\n\n\n\n<p><em>\u00daltima actualizaci\u00f3n: julio de 2025<\/em><\/p>\n\n\n\n<h2 class=\"wp-block-heading\">Introducci\u00f3n<\/h2>\n\n\n\n<p>Rabbit Writer (\u201cnosotros\u201d, \u201cnos\u201d, \u201cnuestro\u201d) opera Rabbitwriterbooks.com. Esta Pol\u00edtica de Privacidad explica qu\u00e9 informaci\u00f3n recopilamos, c\u00f3mo la usamos y sus derechos.<\/p>\n\n\n\n<h2 class=\"wp-block-heading\">Informaci\u00f3n que recopilamos<\/h2>\n\n\n\n<p><strong>Contact Form:<\/strong> Cuando env\u00eda nuestro formulario de contacto, recopilamos su nombre, direcci\u00f3n de correo electr\u00f3nico, asunto y mensaje.<\/p>\n\n\n\n<p class=\" translation-block\"><strong>Lista de correo:<\/strong> Si se suscribe, recopilamos su nombre y correo electr\u00f3nico para enviarle boletines.<\/p>\n\n\n\n<p class=\" translation-block\"><strong>Cookies y an\u00e1lisis:<\/strong> Utilizamos cookies (a trav\u00e9s de WPConsent) y Google Analytics (a trav\u00e9s de Site Kit) para rastrear el uso del sitio. No se almacenan datos de identificaci\u00f3n personal en las cookies.<\/p>\n\n\n\n<h2 class=\"wp-block-heading\">C\u00f3mo utilizamos su informaci\u00f3n<\/h2>\n\n\n\n<p class=\" translation-block\">Para <strong>responder<\/strong> a sus consultas.<\/p>\n\n\n\n<p class=\" translation-block\">Para <strong>enviarle<\/strong> nuestro bolet\u00edn informativo (solo si acepta su suscripci\u00f3n).<\/p>\n\n\n\n<p class=\" translation-block\">Para <strong>analizar<\/strong> el rendimiento del sitio y mejorar nuestro contenido.<\/p>\n\n\n\n<h2 class=\"wp-block-heading\">Servicios compartidos y de terceros<\/h2>\n\n\n\n<p class=\" translation-block\"><strong>No<\/strong> vendemos ni alquilamos sus datos personales. Compartimos:<\/p>\n\n\n\n<p class=\" translation-block\"><strong>WPForms:<\/strong> los datos de env\u00edo de su formulario, que se nos env\u00eda por correo electr\u00f3nico.<\/p>\n\n\n\n<p class=\" translation-block\"><strong>Google Analytics:<\/strong> datos de uso an\u00f3nimos.<\/p>\n\n\n\n<p class=\" translation-block\"><strong>MailPoet:<\/strong> su nombre\/correo electr\u00f3nico para la entrega del bolet\u00edn.<\/p>\n\n\n\n<h2 class=\"wp-block-heading\">Retenci\u00f3n de datos<\/h2>\n\n\n\n<p>Conservamos los env\u00edos de formularios de contacto y las inscripciones a listas de correo a menos que usted solicite la eliminaci\u00f3n.<\/p>\n\n\n\n<h2 class=\"wp-block-heading\">Tus derechos<\/h2>\n\n\n\n<p class=\" translation-block\"><strong>Acceso:<\/strong> Puede solicitar una copia de los datos que tenemos sobre usted.<\/p>\n\n\n\n<p class=\" translation-block\"><strong>Rectificaci\u00f3n:<\/strong> Podr\u00e1s corregir datos personales inexactos.<\/p>\n\n\n\n<p><strong>Erasure:<\/strong> You can request deletion of your data.<br>To exercise any right, contact us at: \u202f<a>rabbitwriterbooks@gmail.com<\/a>.<\/p>\n\n\n\n<h2 class=\"wp-block-heading\">Cookies<\/h2>\n\n\n\n<p>Nuestro banner de cookies (WPConsent) le permite aceptar o rechazar cookies no esenciales. Puede desactivar las cookies en su navegador, pero es posible que algunas partes del sitio no funcionen.<\/p>\n\n\n\n<h2 class=\"wp-block-heading\">Cambios a esta pol\u00edtica<\/h2>\n\n\n\n<p>Podemos actualizar esta pol\u00edtica; Publicaremos la fecha de la \u201c\u00faltima actualizaci\u00f3n\u201d aqu\u00ed. Su uso continuado del sitio constituye aceptaci\u00f3n.<\/p>\n\n\n\n<h2 class=\"wp-block-heading\">Contacta con nosotros<\/h2>\n\n\n\n<p>If you have questions about this policy, please email: \u202f<a>rabbitwriterbooks@gmail.com<\/a>.<\/p>","protected":false},"excerpt":{"rendered":"<p>Privacy Policy Last updated: July\u202f2025 Introduction Rabbit Writer (\u201cwe\u201d, \u201cus\u201d, \u201cour\u201d) operates rabbitwriterbooks.com. This Privacy Policy explains what information we collect, how we use it, and your rights. Information We Collect Contact Form: When you submit our contact form, we collect your name, email address, subject, and message. Mailing List: If you subscribe, we collect [&hellip;]<\/p>","protected":false},"author":1,"featured_media":0,"parent":0,"menu_order":0,"comment_status":"closed","ping_status":"open","template":"","meta":{"_acf_changed":false,"footnotes":""},"class_list":["post-3","page","type-page","status-publish","hentry"],"acf":[],"yoast_head":"<!-- This site is optimized with the Yoast SEO plugin v26.5 - https:\/\/yoast.com\/wordpress\/plugins\/seo\/ -->\n<title>Privacy Policy - Rabbit Writer Books<\/title>\n<meta name=\"robots\" content=\"index, follow, max-snippet:-1, max-image-preview:large, max-video-preview:-1\" \/>\n<link rel=\"canonical\" href=\"https:\/\/rabbitwriterbooks.com\/es\/privacy-policy\/\" \/>\n<meta property=\"og:locale\" content=\"es_MX\" \/>\n<meta property=\"og:type\" content=\"article\" \/>\n<meta property=\"og:title\" content=\"Privacy Policy - Rabbit Writer Books\" \/>\n<meta property=\"og:description\" content=\"Privacy Policy Last updated: July\u202f2025 Introduction Rabbit Writer (\u201cwe\u201d, \u201cus\u201d, \u201cour\u201d) operates rabbitwriterbooks.com. This Privacy Policy explains what information we collect, how we use it, and your rights. Information We Collect Contact Form: When you submit our contact form, we collect your name, email address, subject, and message. Mailing List: If you subscribe, we collect [&hellip;]\" \/>\n<meta property=\"og:url\" content=\"https:\/\/rabbitwriterbooks.com\/es\/privacy-policy\/\" \/>\n<meta property=\"og:site_name\" content=\"Rabbit Writer Books\" \/>\n<meta property=\"article:publisher\" content=\"https:\/\/www.facebook.com\/people\/Rabbit-Writer-Books\/61577629646553\/\" \/>\n<meta property=\"article:modified_time\" content=\"2025-07-16T22:22:18+00:00\" \/>\n<meta name=\"twitter:card\" content=\"summary_large_image\" \/>\n<meta name=\"twitter:label1\" content=\"Tiempo de lectura\" \/>\n\t<meta name=\"twitter:data1\" content=\"2 minutos\" \/>\n<script type=\"application\/ld+json\" class=\"yoast-schema-graph\">{\"@context\":\"https:\/\/schema.org\",\"@graph\":[{\"@type\":\"WebPage\",\"@id\":\"https:\/\/rabbitwriterbooks.com\/privacy-policy\/\",\"url\":\"https:\/\/rabbitwriterbooks.com\/privacy-policy\/\",\"name\":\"Privacy Policy - Rabbit Writer Books\",\"isPartOf\":{\"@id\":\"https:\/\/rabbitwriterbooks.com\/#website\"},\"datePublished\":\"2025-07-01T20:21:44+00:00\",\"dateModified\":\"2025-07-16T22:22:18+00:00\",\"breadcrumb\":{\"@id\":\"https:\/\/rabbitwriterbooks.com\/privacy-policy\/#breadcrumb\"},\"inLanguage\":\"es\",\"potentialAction\":[{\"@type\":\"ReadAction\",\"target\":[\"https:\/\/rabbitwriterbooks.com\/privacy-policy\/\"]}]},{\"@type\":\"BreadcrumbList\",\"@id\":\"https:\/\/rabbitwriterbooks.com\/privacy-policy\/#breadcrumb\",\"itemListElement\":[{\"@type\":\"ListItem\",\"position\":1,\"name\":\"Home\",\"item\":\"https:\/\/rabbitwriterbooks.com\/\"},{\"@type\":\"ListItem\",\"position\":2,\"name\":\"Privacy Policy\"}]},{\"@type\":\"WebSite\",\"@id\":\"https:\/\/rabbitwriterbooks.com\/#website\",\"url\":\"https:\/\/rabbitwriterbooks.com\/\",\"name\":\"Rabbit Writer Books\",\"description\":\"\",\"publisher\":{\"@id\":\"https:\/\/rabbitwriterbooks.com\/#organization\"},\"alternateName\":\"Rabbit Writer\",\"potentialAction\":[{\"@type\":\"SearchAction\",\"target\":{\"@type\":\"EntryPoint\",\"urlTemplate\":\"https:\/\/rabbitwriterbooks.com\/?s={search_term_string}\"},\"query-input\":{\"@type\":\"PropertyValueSpecification\",\"valueRequired\":true,\"valueName\":\"search_term_string\"}}],\"inLanguage\":\"es\"},{\"@type\":\"Organization\",\"@id\":\"https:\/\/rabbitwriterbooks.com\/#organization\",\"name\":\"Rabbit Writer Books\",\"url\":\"https:\/\/rabbitwriterbooks.com\/\",\"logo\":{\"@type\":\"ImageObject\",\"inLanguage\":\"es\",\"@id\":\"https:\/\/rabbitwriterbooks.com\/#\/schema\/logo\/image\/\",\"url\":\"https:\/\/rabbitwriterbooks.com\/wp-content\/uploads\/2025\/07\/rabbitlogo.png\",\"contentUrl\":\"https:\/\/rabbitwriterbooks.com\/wp-content\/uploads\/2025\/07\/rabbitlogo.png\",\"width\":1500,\"height\":500,\"caption\":\"Rabbit Writer Books\"},\"image\":{\"@id\":\"https:\/\/rabbitwriterbooks.com\/#\/schema\/logo\/image\/\"},\"sameAs\":[\"https:\/\/www.facebook.com\/people\/Rabbit-Writer-Books\/61577629646553\/\",\"https:\/\/www.instagram.com\/rabbitwriterbooks\",\"https:\/\/www.tiktok.com\/@rabbitwriterbookslibros\"]}]}<\/script>\n<!-- \/ Yoast SEO plugin. -->","yoast_head_json":{"title":"Privacy Policy - Rabbit Writer Books","robots":{"index":"index","follow":"follow","max-snippet":"max-snippet:-1","max-image-preview":"max-image-preview:large","max-video-preview":"max-video-preview:-1"},"canonical":"https:\/\/rabbitwriterbooks.com\/es\/privacy-policy\/","og_locale":"es_MX","og_type":"article","og_title":"Privacy Policy - Rabbit Writer Books","og_description":"Privacy Policy Last updated: July\u202f2025 Introduction Rabbit Writer (\u201cwe\u201d, \u201cus\u201d, \u201cour\u201d) operates rabbitwriterbooks.com. This Privacy Policy explains what information we collect, how we use it, and your rights. Information We Collect Contact Form: When you submit our contact form, we collect your name, email address, subject, and message. Mailing List: If you subscribe, we collect [&hellip;]","og_url":"https:\/\/rabbitwriterbooks.com\/es\/privacy-policy\/","og_site_name":"Rabbit Writer Books","article_publisher":"https:\/\/www.facebook.com\/people\/Rabbit-Writer-Books\/61577629646553\/","article_modified_time":"2025-07-16T22:22:18+00:00","twitter_card":"summary_large_image","twitter_misc":{"Tiempo de lectura":"2 minutos"},"schema":{"@context":"https:\/\/schema.org","@graph":[{"@type":"WebPage","@id":"https:\/\/rabbitwriterbooks.com\/privacy-policy\/","url":"https:\/\/rabbitwriterbooks.com\/privacy-policy\/","name":"Privacy Policy - Rabbit Writer Books","isPartOf":{"@id":"https:\/\/rabbitwriterbooks.com\/#website"},"datePublished":"2025-07-01T20:21:44+00:00","dateModified":"2025-07-16T22:22:18+00:00","breadcrumb":{"@id":"https:\/\/rabbitwriterbooks.com\/privacy-policy\/#breadcrumb"},"inLanguage":"es","potentialAction":[{"@type":"ReadAction","target":["https:\/\/rabbitwriterbooks.com\/privacy-policy\/"]}]},{"@type":"BreadcrumbList","@id":"https:\/\/rabbitwriterbooks.com\/privacy-policy\/#breadcrumb","itemListElement":[{"@type":"ListItem","position":1,"name":"Home","item":"https:\/\/rabbitwriterbooks.com\/"},{"@type":"ListItem","position":2,"name":"Privacy Policy"}]},{"@type":"WebSite","@id":"https:\/\/rabbitwriterbooks.com\/#website","url":"https:\/\/rabbitwriterbooks.com\/","name":"Rabbit Writer Books","description":"","publisher":{"@id":"https:\/\/rabbitwriterbooks.com\/#organization"},"alternateName":"Rabbit Writer","potentialAction":[{"@type":"SearchAction","target":{"@type":"EntryPoint","urlTemplate":"https:\/\/rabbitwriterbooks.com\/?s={search_term_string}"},"query-input":{"@type":"PropertyValueSpecification","valueRequired":true,"valueName":"search_term_string"}}],"inLanguage":"es"},{"@type":"Organization","@id":"https:\/\/rabbitwriterbooks.com\/#organization","name":"Rabbit Writer Books","url":"https:\/\/rabbitwriterbooks.com\/","logo":{"@type":"ImageObject","inLanguage":"es","@id":"https:\/\/rabbitwriterbooks.com\/#\/schema\/logo\/image\/","url":"https:\/\/rabbitwriterbooks.com\/wp-content\/uploads\/2025\/07\/rabbitlogo.png","contentUrl":"https:\/\/rabbitwriterbooks.com\/wp-content\/uploads\/2025\/07\/rabbitlogo.png","width":1500,"height":500,"caption":"Rabbit Writer Books"},"image":{"@id":"https:\/\/rabbitwriterbooks.com\/#\/schema\/logo\/image\/"},"sameAs":["https:\/\/www.facebook.com\/people\/Rabbit-Writer-Books\/61577629646553\/","https:\/\/www.instagram.com\/rabbitwriterbooks","https:\/\/www.tiktok.com\/@rabbitwriterbookslibros"]}]}},"jetpack_sharing_enabled":true,"_links":{"self":[{"href":"https:\/\/rabbitwriterbooks.com\/es\/wp-json\/wp\/v2\/pages\/3","targetHints":{"allow":["GET"]}}],"collection":[{"href":"https:\/\/rabbitwriterbooks.com\/es\/wp-json\/wp\/v2\/pages"}],"about":[{"href":"https:\/\/rabbitwriterbooks.com\/es\/wp-json\/wp\/v2\/types\/page"}],"author":[{"embeddable":true,"href":"https:\/\/rabbitwriterbooks.com\/es\/wp-json\/wp\/v2\/users\/1"}],"replies":[{"embeddable":true,"href":"https:\/\/rabbitwriterbooks.com\/es\/wp-json\/wp\/v2\/comments?post=3"}],"version-history":[{"count":3,"href":"https:\/\/rabbitwriterbooks.com\/es\/wp-json\/wp\/v2\/pages\/3\/revisions"}],"predecessor-version":[{"id":148,"href":"https:\/\/rabbitwriterbooks.com\/es\/wp-json\/wp\/v2\/pages\/3\/revisions\/148"}],"wp:attachment":[{"href":"https:\/\/rabbitwriterbooks.com\/es\/wp-json\/wp\/v2\/media?parent=3"}],"curies":[{"name":"wp","href":"https:\/\/api.w.org\/{rel}","templated":true}]}}